{"id":4620,"date":"2023-08-23T15:13:42","date_gmt":"2023-08-23T13:13:42","guid":{"rendered":"https:\/\/influence.ch\/?page_id=4620"},"modified":"2025-02-11T12:08:58","modified_gmt":"2025-02-11T11:08:58","slug":"a-propos","status":"publish","type":"page","link":"https:\/\/influence.ch\/fr\/a-propos\/","title":{"rendered":"A propos"},"content":{"rendered":"<div  class='hr av-av_hr-91d7ccd583a503147498e120fee2ff9b hr-default  avia-builder-el-0  el_before_av_textblock  avia-builder-el-first '><span class='hr-inner '><span class=\"hr-inner-style\"><\/span><\/span><\/div>\n<section  class='av_textblock_section av-m70dpxy9-ad5631885cec18dd14d22cff47f8a824'  itemscope=\"itemscope\" itemtype=\"https:\/\/schema.org\/CreativeWork\" ><div class='avia_textblock'  itemprop=\"text\" ><h1><strong>Une longeur d\u2019avance<\/strong><\/h1>\n<p><strong>Think Tank furrerhugi \u2013 Notre mission\u00a0<\/strong><br \/>\nL&rsquo;agence de communication furrerhugi est bien plus que la mise en relation des personnes \u00e0 l&rsquo;interface entre la politique, l&rsquo;\u00e9conomie et la soci\u00e9t\u00e9. furrerhugi analyse l&rsquo;actualit\u00e9, les acteurs et leurs id\u00e9es, d\u00e9veloppe ses propres questions et th\u00e8ses et g\u00e9n\u00e8re de nouvelles connaissances. C&rsquo;est pourquoi l\u2019agence se consid\u00e8re \u00e9galement comme un think tank, un observateur critique, constructif et perspicace qui se penche sur l&rsquo;avenir de la place \u00e9conomique et du mod\u00e8le de r\u00e9ussite suisse.<\/p>\n<p><strong>Qu\u2019est-ce qu\u2019influence ?<\/strong><br \/>\ninfluence est la newsletter et la plateforme de communication de furrerhugi, qui partage les r\u00e9flexions du think tank \u00e0 l&rsquo;ext\u00e9rieur. Toutes les deux semaines, elle s\u00e9lectionne et aborde des th\u00e9matiques qui sont et seront importantes \u00e0 l\u2019avenir. Des analyses, des \u00e9tudes, des interviews et des graphiques contribuent \u00e0 la compr\u00e9hension de situation complexes, \u00e0 rendre intelligible les contextes et \u00e0 poser les bonnes questions. Les articles traitent de sujets qui influencent nos d\u00e9cisions et nos actions\u00a0; ils fournissent des pistes de r\u00e9flexion et donnent des rep\u00e8res. Car qui dispose de connaissances a une longueur d&rsquo;avance.<\/p>\n<p><strong>influence est-elle une mission de furrerhugi\u00a0?<\/strong><\/p>\n<p>Par communication intelligente, furrerhugi entend la couverture totale du processus de communication. Pour cela, l&rsquo;agence pr\u00e9pare des faits et \u00e9labore des analyses. Nous souhaitons mettre une partie de ces questions et de ces connaissances \u00e0 la disposition d&rsquo;un cercle \u00e9largi d&rsquo;amis et de personnes int\u00e9ress\u00e9es en tant que pistes de r\u00e9flexion et d&rsquo;orientation. Car c&rsquo;est aussi cela que nous entendons par communication : le partage des connaissances, dans l&rsquo;esprit de l\u2019\u00e9conomie collaborative et de la transparence.<\/p>\n<p><strong>influence est-elle ind\u00e9pendante sur le plan politique\u00a0?<\/strong><br \/>\ninfluence est neutre en mati\u00e8re de politique partisane. Les valeurs d&rsquo;influence sont lib\u00e9rales et orient\u00e9es vers l&rsquo;\u00e9conomie de march\u00e9. Nous sommes en faveur d&rsquo;une Suisse prosp\u00e8re, tourn\u00e9e vers l&rsquo;avenir et ind\u00e9pendante.<\/p>\n<p><strong>Influence fonctionne-t-elle comme porte-parole des clients de furrerhugi ?<\/strong><br \/>\ninfluence n&rsquo;est pas une plate-forme de relations publiques pour les clients de furrerhugi. L&rsquo;accent est mis sur des th\u00e8mes politiques, \u00e9conomiques et sociaux qui traitent, dans un esprit constructif, du mod\u00e8le de r\u00e9ussite suisse et de l&rsquo;avenir du pays. Dans le traitement et l&rsquo;analyse des sujets, influence ne se retourne cependant jamais contre les int\u00e9r\u00eats des clients de furrerhugi. Il est possible que les clients de furrerhugi disposant de connaissances et de savoir-faire sp\u00e9cialis\u00e9s expriment leur expertise dans certains contenus, surtout si la th\u00e9matique est discut\u00e9e \u00e0 un niveau global.<\/p>\n<p><strong>A qui s\u2019adresse influence ?<\/strong><br \/>\nAux d\u00e9cideurs et d\u00e9cideuses politiques, \u00e9conomiques et de la soci\u00e9t\u00e9 civile, aux personnes qui s&rsquo;int\u00e9ressent \u00e0 l&rsquo;actualit\u00e9 tout comme aux amis de furrerhugi.<\/p>\n<p><strong>Pourquoi le nom \u00abinfluence\u00bb ?<\/strong><br \/>\nLes articles visent une meilleure compr\u00e9hension des \u00e9v\u00e9nements politiques, \u00e9conomiques et sociaux. Ce n&rsquo;est que lorsqu&rsquo;une personne a vraiment fait le tour d&rsquo;un sujet, qu&rsquo;elle a acquis de nouvelles connaissances et qu&rsquo;elle sait poser les bonnes questions, qu&rsquo;elle est en mesure de se forger sa propre opinion, de prendre position et d&rsquo;anticiper une \u00e9volution future. Cela repr\u00e9sente une longueur d&rsquo;avance. Dans ce sens, influence veut contribuer \u00e0 \u00ab influencer \u00bb l\u2019\u00e9mergence d\u2019une pens\u00e9e autonome, critique et constructive.<\/p>\n<p><strong>Qui sont les \u00e9diteurs d&rsquo;influence ?<\/strong><br \/>\ninflucence est le portail de communication de furrerhugi. L&rsquo;\u00e9quipe \u00e9ditoriale se compose de trois personnes : les deux fondateurs de l&rsquo;entreprise et Managing Partners Lorenz Furrer et Andreas Hugi ainsi que Pascal Ihle, Partner et Senior Consultant.<\/p>\n<p><strong>Qui r\u00e9dige les articles d\u2019influence?\u00a0<\/strong><br \/>\nLa responsabilit\u00e9 du contenu incombe aux \u00e9diteurs. Ils s\u00e9lectionnent les sujets avec une \u00e9quipe de r\u00e9daction, des consultants furrerhugi et d&rsquo;anciens journalistes, et veillent \u00e0 ce qu&rsquo;il n&rsquo;y ait pas de conflits d&rsquo;int\u00e9r\u00eats avec des clients. La majorit\u00e9 des sujets sont r\u00e9dig\u00e9s par cette \u00e9quipe de r\u00e9daction, et ce en allemand, en fran\u00e7ais et en italien. Cependant, il est \u00e9galement possible que les textes proviennent de tiers, de think tanks amis, d&rsquo;auteurs invit\u00e9s ou de magazines qui poursuivent le m\u00eame objectif qu&rsquo;influence : faire r\u00e9fl\u00e9chir et ouvrir les yeux.<\/p>\n<\/div><\/section>\n","protected":false},"excerpt":{"rendered":"","protected":false},"author":80,"featured_media":0,"parent":0,"menu_order":0,"comment_status":"closed","ping_status":"closed","template":"","meta":{"footnotes":""},"class_list":["post-4620","page","type-page","status-publish","hentry"],"yoast_head":"<!-- This site is optimized with the Yoast SEO plugin v27.0 - https:\/\/yoast.com\/product\/yoast-seo-wordpress\/ -->\n<title>A propos - influence powered by furrerhugi<\/title>\n<meta name=\"robots\" content=\"index, follow, max-snippet:-1, max-image-preview:large, max-video-preview:-1\" \/>\n<link rel=\"canonical\" href=\"https:\/\/influence.ch\/fr\/a-propos\/\" \/>\n<meta property=\"og:locale\" content=\"fr_FR\" \/>\n<meta property=\"og:type\" content=\"article\" \/>\n<meta property=\"og:title\" content=\"A propos - influence powered by furrerhugi\" \/>\n<meta property=\"og:url\" content=\"https:\/\/influence.ch\/fr\/a-propos\/\" \/>\n<meta property=\"og:site_name\" content=\"influence powered by furrerhugi\" \/>\n<meta property=\"article:modified_time\" content=\"2025-02-11T11:08:58+00:00\" \/>\n<meta name=\"twitter:card\" content=\"summary_large_image\" \/>\n<meta name=\"twitter:label1\" content=\"Dur\u00e9e de lecture estim\u00e9e\" \/>\n\t<meta name=\"twitter:data1\" content=\"4 minutes\" \/>\n<script type=\"application\/ld+json\" class=\"yoast-schema-graph\">{\"@context\":\"https:\/\/schema.org\",\"@graph\":[{\"@type\":\"WebPage\",\"@id\":\"https:\/\/influence.ch\/fr\/a-propos\/\",\"url\":\"https:\/\/influence.ch\/fr\/a-propos\/\",\"name\":\"A propos - influence powered by furrerhugi\",\"isPartOf\":{\"@id\":\"https:\/\/influence.ch\/#website\"},\"datePublished\":\"2023-08-23T13:13:42+00:00\",\"dateModified\":\"2025-02-11T11:08:58+00:00\",\"breadcrumb\":{\"@id\":\"https:\/\/influence.ch\/fr\/a-propos\/#breadcrumb\"},\"inLanguage\":\"fr-FR\",\"potentialAction\":[{\"@type\":\"ReadAction\",\"target\":[\"https:\/\/influence.ch\/fr\/a-propos\/\"]}]},{\"@type\":\"BreadcrumbList\",\"@id\":\"https:\/\/influence.ch\/fr\/a-propos\/#breadcrumb\",\"itemListElement\":[{\"@type\":\"ListItem\",\"position\":1,\"name\":\"Startseite\",\"item\":\"https:\/\/influence.ch\/fr\/influence\/\"},{\"@type\":\"ListItem\",\"position\":2,\"name\":\"A propos\"}]},{\"@type\":\"WebSite\",\"@id\":\"https:\/\/influence.ch\/#website\",\"url\":\"https:\/\/influence.ch\/\",\"name\":\"influence powered by furrerhugi\",\"description\":\"Vorsprung durch Wissen\",\"potentialAction\":[{\"@type\":\"SearchAction\",\"target\":{\"@type\":\"EntryPoint\",\"urlTemplate\":\"https:\/\/influence.ch\/?s={search_term_string}\"},\"query-input\":{\"@type\":\"PropertyValueSpecification\",\"valueRequired\":true,\"valueName\":\"search_term_string\"}}],\"inLanguage\":\"fr-FR\"}]}<\/script>\n<!-- \/ Yoast SEO plugin. -->","yoast_head_json":{"title":"A propos - influence powered by furrerhugi","robots":{"index":"index","follow":"follow","max-snippet":"max-snippet:-1","max-image-preview":"max-image-preview:large","max-video-preview":"max-video-preview:-1"},"canonical":"https:\/\/influence.ch\/fr\/a-propos\/","og_locale":"fr_FR","og_type":"article","og_title":"A propos - influence powered by furrerhugi","og_url":"https:\/\/influence.ch\/fr\/a-propos\/","og_site_name":"influence powered by furrerhugi","article_modified_time":"2025-02-11T11:08:58+00:00","twitter_card":"summary_large_image","twitter_misc":{"Dur\u00e9e de lecture estim\u00e9e":"4 minutes"},"schema":{"@context":"https:\/\/schema.org","@graph":[{"@type":"WebPage","@id":"https:\/\/influence.ch\/fr\/a-propos\/","url":"https:\/\/influence.ch\/fr\/a-propos\/","name":"A propos - influence powered by furrerhugi","isPartOf":{"@id":"https:\/\/influence.ch\/#website"},"datePublished":"2023-08-23T13:13:42+00:00","dateModified":"2025-02-11T11:08:58+00:00","breadcrumb":{"@id":"https:\/\/influence.ch\/fr\/a-propos\/#breadcrumb"},"inLanguage":"fr-FR","potentialAction":[{"@type":"ReadAction","target":["https:\/\/influence.ch\/fr\/a-propos\/"]}]},{"@type":"BreadcrumbList","@id":"https:\/\/influence.ch\/fr\/a-propos\/#breadcrumb","itemListElement":[{"@type":"ListItem","position":1,"name":"Startseite","item":"https:\/\/influence.ch\/fr\/influence\/"},{"@type":"ListItem","position":2,"name":"A propos"}]},{"@type":"WebSite","@id":"https:\/\/influence.ch\/#website","url":"https:\/\/influence.ch\/","name":"influence powered by furrerhugi","description":"Vorsprung durch Wissen","potentialAction":[{"@type":"SearchAction","target":{"@type":"EntryPoint","urlTemplate":"https:\/\/influence.ch\/?s={search_term_string}"},"query-input":{"@type":"PropertyValueSpecification","valueRequired":true,"valueName":"search_term_string"}}],"inLanguage":"fr-FR"}]}},"_links":{"self":[{"href":"https:\/\/influence.ch\/fr\/wp-json\/wp\/v2\/pages\/4620","targetHints":{"allow":["GET"]}}],"collection":[{"href":"https:\/\/influence.ch\/fr\/wp-json\/wp\/v2\/pages"}],"about":[{"href":"https:\/\/influence.ch\/fr\/wp-json\/wp\/v2\/types\/page"}],"author":[{"embeddable":true,"href":"https:\/\/influence.ch\/fr\/wp-json\/wp\/v2\/users\/80"}],"replies":[{"embeddable":true,"href":"https:\/\/influence.ch\/fr\/wp-json\/wp\/v2\/comments?post=4620"}],"version-history":[{"count":2,"href":"https:\/\/influence.ch\/fr\/wp-json\/wp\/v2\/pages\/4620\/revisions"}],"predecessor-version":[{"id":4623,"href":"https:\/\/influence.ch\/fr\/wp-json\/wp\/v2\/pages\/4620\/revisions\/4623"}],"wp:attachment":[{"href":"https:\/\/influence.ch\/fr\/wp-json\/wp\/v2\/media?parent=4620"}],"curies":[{"name":"wp","href":"https:\/\/api.w.org\/{rel}","templated":true}]}}